{"id":421,"date":"2025-11-26T09:55:33","date_gmt":"2025-11-26T09:55:33","guid":{"rendered":"https:\/\/holzner.com.pl\/?post_type=product&#038;p=421"},"modified":"2025-11-28T13:56:48","modified_gmt":"2025-11-28T13:56:48","slug":"2k-ultra-polmat","status":"publish","type":"product","link":"https:\/\/holzner.com.pl\/en\/product\/2k-ultra-polmat\/","title":{"rendered":"2k Ultra P\u00f3\u0142mat"},"content":{"rendered":"<p>PARQUET 2K ULTRA \u2013 to wysokowytrzyma\u0142y dwusk\u0142adnikowy lakier poliuretanowy do u\u017cytku profesjonalnego. Ma niezr\u00f3wnan\u0105 wytrzyma\u0142o\u015b\u0107, dobr\u0105 elastyczno\u015b\u0107 i wysok\u0105 odporno\u015b\u0107 na substancje chemiczne. Pow\u0142oki pokryte tym lakierem zyskuj\u0105 przyjemny ciep\u0142y odcie\u0144. Przeznaczony jest do pomieszcze\u0144 o bardzo du\u017cym obci\u0105\u017ceniu i najlepiej sprawdza si\u0119 w sklepach, kawiarniach, restauracjach lub innych miejscach o du\u017cym nat\u0119\u017ceniu ruchu.<\/p>\n\n\n\n<figure class=\"wp-block-table\"><table class=\"has-fixed-layout\"><tbody><tr><td>Lepko\u015b\u0107 (DIN 4 mm, T 23 \u00b0 C)<\/td><td>20 \u00b1 2 sek.<\/td><\/tr><tr><td>Zawarto\u015b\u0107 cia\u0142 sta\u0142ych<\/td><td>35 \u00b1 2%<\/td><\/tr><tr><td>Poziom po\u0142ysku (po\u0142ysk @ 60 \u00b0): *<br>Po\u0142ysk<br>P\u00f3\u0142mat<br>Mat<\/td><td><br>80<br>40-60<br>20-30<\/td><\/tr><tr><td>Czas schni\u0119cia ( T 20 \u00b0C, wilgotno\u015b\u0107 65% ):<br>Py\u0142osucho\u015b\u0107<br>Gotowy do szlifowania\/<br>ponownego malowania<br>Pe\u0142na twardo\u015b\u0107<\/td><td><br>60 minut<br>2 -4 godziny<br>5 dni<\/td><\/tr><tr><td>Odporno\u015b\u0107 na \u015bcieranie<\/td><td>Bardzo wysoka<\/td><\/tr><tr><td>Czas zu\u017cycia (T 20\u00b0 C, wilgotno\u015b\u0107 65%)<\/td><td>4 godziny<\/td><\/tr><tr><td>Zu\u017cycie<\/td><td>80-100 g\/m2<\/td><\/tr><tr><td>Tools<\/td><td>p\u0119dzel, wa\u0142ek<\/td><\/tr><tr><td>Packaging<\/td><td>5l + 0,5 l<\/td><\/tr><tr><td>Storage<\/td><td>12 miesi\u0119cy**<\/td><\/tr><\/tbody><\/table><\/figure>\n\n\n\n<ul class=\"wp-block-list\">\n<li>warto\u015bci po\u0142ysku s\u0105 orientacyjne i zale\u017c\u0105 od warunk\u00f3w i sposobu aplikacji<br>** podlega przechowywaniu w oryginalnym opakowaniu w temperaturze od 5\u00b0C do 25\u00b0C<\/li>\n<\/ul>","protected":false},"excerpt":{"rendered":"<p>Dwusk\u0142adnikowy lakier wyko\u0144czeniowy poliuretanowy na bazie wody<\/p>","protected":false},"featured_media":460,"comment_status":"open","ping_status":"closed","template":"","meta":{"ngg_post_thumbnail":0},"product_brand":[],"product_cat":[49,48],"product_tag":[],"class_list":{"0":"post-421","1":"product","2":"type-product","3":"status-publish","4":"has-post-thumbnail","6":"product_cat-lakier-dwuskladnikowy","7":"product_cat-lakiery-do-parkietu","9":"first","10":"instock","11":"shipping-taxable","12":"purchasable","13":"product-type-simple"},"_links":{"self":[{"href":"https:\/\/holzner.com.pl\/en\/wp-json\/wp\/v2\/product\/421","targetHints":{"allow":["GET"]}}],"collection":[{"href":"https:\/\/holzner.com.pl\/en\/wp-json\/wp\/v2\/product"}],"about":[{"href":"https:\/\/holzner.com.pl\/en\/wp-json\/wp\/v2\/types\/product"}],"replies":[{"embeddable":true,"href":"https:\/\/holzner.com.pl\/en\/wp-json\/wp\/v2\/comments?post=421"}],"wp:featuredmedia":[{"embeddable":true,"href":"https:\/\/holzner.com.pl\/en\/wp-json\/wp\/v2\/media\/460"}],"wp:attachment":[{"href":"https:\/\/holzner.com.pl\/en\/wp-json\/wp\/v2\/media?parent=421"}],"wp:term":[{"taxonomy":"product_brand","embeddable":true,"href":"https:\/\/holzner.com.pl\/en\/wp-json\/wp\/v2\/product_brand?post=421"},{"taxonomy":"product_cat","embeddable":true,"href":"https:\/\/holzner.com.pl\/en\/wp-json\/wp\/v2\/product_cat?post=421"},{"taxonomy":"product_tag","embeddable":true,"href":"https:\/\/holzner.com.pl\/en\/wp-json\/wp\/v2\/product_tag?post=421"}],"curies":[{"name":"wp","href":"https:\/\/api.w.org\/{rel}","templated":true}]}}