{"id":342,"date":"2024-10-17T11:19:21","date_gmt":"2024-10-17T11:19:21","guid":{"rendered":"https:\/\/holzner.com.pl\/?post_type=product&#038;p=342"},"modified":"2025-05-27T13:23:56","modified_gmt":"2025-05-27T13:23:56","slug":"holzner-facade-eco","status":"publish","type":"product","link":"https:\/\/holzner.com.pl\/en\/product\/holzner-facade-eco\/","title":{"rendered":"HOLZNER Facade Eco"},"content":{"rendered":"<p><strong>FACADE ECO \u2013\u00a0<\/strong>wodorozcie\u0144czalny akryl lazurowy do pokrywania powierzchni drewnianych zar\u00f3wno na zewn\u0105trz jak i wewn\u0105trz. Idealny do ochrony okien, drzwi i elewacji dom\u00f3w drewnianych. Tworzy trwa\u0142\u0105 pow\u0142ok\u0119, kt\u00f3ra zapewnia niezawodn\u0105 ochron\u0119 przed promieniowaniem UV i warunkami atmosferycznymi, zapobiega rozwojowi grzyb\u00f3w, glon\u00f3w i mchu na powierzchni, wyd\u0142u\u017ca \u017cywotno\u015bci drewna i zachowuje jego naturalny wygl\u0105d.\u00a0<\/p>\n\n\n\n<p><strong>Dane techniczne\u00a0<\/strong><\/p>\n\n\n\n<figure class=\"wp-block-table\"><table class=\"has-fixed-layout\"><tbody><tr><td>Sucha pozosta\u0142o\u015b\u0107<\/td><td>30 \u00b1 2%<\/td><\/tr><tr><td>Czas schni\u0119cia\u00a0( T 20 \u00b0C, wilgotno\u015b\u0107 65% ):<br>\u00a0\u00a0\u00a0Py\u0142osucho\u015b\u0107<br>\u00a0\u00a0\u00a0Na\u0142o\u017cenie kolejnej warstwy<\/td><td>60 minut2 -4 godziny<\/td><\/tr><tr><td>Zu\u017cycie*<\/td><td>100-120 g\/m2<\/td><\/tr><tr><td>Tools<\/td><td>p\u0119dzel, aerograf<\/td><\/tr><tr><td>Packaging<\/td><td>0,8l, 2,5 l, 5l<\/td><\/tr><tr><td>Storage<\/td><td>12 miesi\u0119cy**<\/td><\/tr><tr><td>Weight<\/td><td>5 kg<\/td><\/tr><\/tbody><\/table><\/figure>\n\n\n\n<p>* warto\u015bci po\u0142ysku s\u0105 orientacyjne i zale\u017c\u0105 od warunk\u00f3w i sposobu aplikacji<\/p>\n\n\n\n<p>** podlega przechowywaniu w oryginalnym opakowaniu w temperaturze od 5\u00b0C do 25\u00b0C<\/p>\n\n\n\n<p><strong>Aplikacja<\/strong><\/p>\n\n\n\n<p>&nbsp;Przed rozpocz\u0119ciem pracy powierzchni\u0119 nale\u017cy oczy\u015bci\u0107 z brudu, usun\u0105\u0107 wszystkie stare warstwy pow\u0142oki i przeszlifowa\u0107 powierzchni\u0119 do drewna. Wilgotno\u015b\u0107 drewna nie powinna przekracza\u0107 20%. Optymalna temperatura do pracy to od 15\u00b0C do 25\u00b0C, a wilgotno\u015b\u0107 od 40% do 75%. Nie u\u017cywaj materia\u0142u na powierzchniach nara\u017conych na silne dzia\u0142anie promieni s\u0142onecznych, a tak\u017ce podczas deszczu. Aby uzyska\u0107 optymaln\u0105 ochron\u0119 przed promieniowaniem UV, pow\u0142ok\u0119 nale\u017cy nak\u0142ada\u0107 w 2 warstwach, a grubo\u015b\u0107 warstwy przezroczystej powinna wynosi\u0107 co najmniej 100-120 mikron\u00f3w. FACADE ECO nale\u017cy stosowa\u0107 w po\u0142\u0105czeniu z FACADE Primer, aby zwi\u0119kszy\u0107 ochron\u0119 i \u017cywotno\u015b\u0107 drewna. Jako wyko\u0144czenie u\u017cyj system\u00f3w kolorystycznych, aby zwi\u0119kszy\u0107 odporno\u015b\u0107 na promieniowanie UV.&nbsp;<\/p>\n\n\n\n<p><strong>Wa\u017cne!&nbsp;<\/strong>Dobrze wstrz\u0105sn\u0105\u0107 przed na\u0142o\u017ceniem. Podczas aplikacji temperatura lazuru powinna wynosi 15-25\u00b0C. Produkt gotowy do u\u017cycia i nie wymaga rozcie\u0144czania.&nbsp;<\/p>\n\n\n\n<p><strong>Uwaga<\/strong><\/p>\n\n\n\n<p>Informacje zawarte w niniejszym opisie technicznym s\u0105 prawid\u0142owe i odzwierciedlaj\u0105 aktualny poziom naszej wiedzy na temat korzystania z tego produktu. Jest to przewodnik dla optymalnego u\u017cytkowania i nie mo\u017ce s\u0142u\u017cy\u0107 jako gwarancja ani specyfikacja. Ze wzgl\u0119du na du\u017c\u0105 r\u00f3\u017cnorodno\u015b\u0107 zastosowa\u0144 i metod obr\u00f3bki materia\u0142\u00f3w i wyrob\u00f3w gotowych wa\u017cne jest, aby nasze produkty zosta\u0142y odpowiednio przetestowane przed u\u017cyciem.<\/p>","protected":false},"excerpt":{"rendered":"<p>HOLZNER FACADE ECO to wodorozcie\u0144czalny lakier akrylowy do pokrywania powierzchni drewnianych na zewn\u0105trz i wewn\u0105trz. Idealny do ochrony okien, drzwi i elewacji dom\u00f3w drewnianych. Tworzy trwa\u0142\u0105 pow\u0142ok\u0119, kt\u00f3ra zapewnia niezawodn\u0105 ochron\u0119 przed promieniowaniem UV i warunkami atmosferycznymi, zapobiega rozwojowi grzyb\u00f3w, glon\u00f3w i mchu na powierzchni, zwi\u0119ksza \u017cywotno\u015b\u0107 drewna i zachowuje jego naturalny wygl\u0105d.<\/p>","protected":false},"featured_media":344,"comment_status":"open","ping_status":"closed","template":"","meta":{"ngg_post_thumbnail":0},"product_brand":[],"product_cat":[60,57],"product_tag":[],"class_list":{"0":"post-342","1":"product","2":"type-product","3":"status-publish","4":"has-post-thumbnail","6":"product_cat-lakiery-lakiery-na-zewnatrz","7":"product_cat-lakiery-na-zewnatrz","9":"first","10":"instock","11":"featured","12":"shipping-taxable","13":"purchasable","14":"product-type-simple"},"_links":{"self":[{"href":"https:\/\/holzner.com.pl\/en\/wp-json\/wp\/v2\/product\/342","targetHints":{"allow":["GET"]}}],"collection":[{"href":"https:\/\/holzner.com.pl\/en\/wp-json\/wp\/v2\/product"}],"about":[{"href":"https:\/\/holzner.com.pl\/en\/wp-json\/wp\/v2\/types\/product"}],"replies":[{"embeddable":true,"href":"https:\/\/holzner.com.pl\/en\/wp-json\/wp\/v2\/comments?post=342"}],"wp:featuredmedia":[{"embeddable":true,"href":"https:\/\/holzner.com.pl\/en\/wp-json\/wp\/v2\/media\/344"}],"wp:attachment":[{"href":"https:\/\/holzner.com.pl\/en\/wp-json\/wp\/v2\/media?parent=342"}],"wp:term":[{"taxonomy":"product_brand","embeddable":true,"href":"https:\/\/holzner.com.pl\/en\/wp-json\/wp\/v2\/product_brand?post=342"},{"taxonomy":"product_cat","embeddable":true,"href":"https:\/\/holzner.com.pl\/en\/wp-json\/wp\/v2\/product_cat?post=342"},{"taxonomy":"product_tag","embeddable":true,"href":"https:\/\/holzner.com.pl\/en\/wp-json\/wp\/v2\/product_tag?post=342"}],"curies":[{"name":"wp","href":"https:\/\/api.w.org\/{rel}","templated":true}]}}