{"id":332,"date":"2024-10-17T11:06:46","date_gmt":"2024-10-17T11:06:46","guid":{"rendered":"https:\/\/holzner.com.pl\/?post_type=product&#038;p=332"},"modified":"2024-10-17T11:14:58","modified_gmt":"2024-10-17T11:14:58","slug":"aqua-protect","status":"publish","type":"product","link":"https:\/\/holzner.com.pl\/en\/product\/aqua-protect\/","title":{"rendered":"Aqua Protect+"},"content":{"rendered":"<p><strong>\u015brodek wodoodporny do powierzchni mineralnych na bazie wody<\/strong><\/p>\n\n\n\n<p><strong>AQUA PROTECT+ \u2013\u00a0<\/strong>uniwersalny \u015brodek\u00a0do\u00a0nadawania w\u0142a\u015bciwo\u015bci hydrofobowych\u00a0mineralnym porowatym powierzchniom (kostka\u00a0brukowa, beton, ceg\u0142a, piaskowiec, tynk, jastrych, kamie\u0144 naturalny i sztuczny itp.). Pomaga wyd\u0142u\u017cy\u0107 \u017cywotno\u015b\u0107 powierzchni i\u00a0znacznie ogranicza powstawanie grzyb\u00f3w i ple\u015bni. W\u0142a\u015bciwo\u015bci hydrofobowe pod\u0142o\u017ca utrzymuj\u0105 si\u0119 co najmniej 5\u20137 lat*. \u015arodek mo\u017cna dodawa\u0107 do zapraw lub betonu w celu zwi\u0119kszenia hydrofobowo\u015bci pod\u0142o\u017ca\u00a0mineralnego.<\/p>\n\n\n\n<p><strong>Dane Techniczne<\/strong><\/p>\n\n\n\n<figure class=\"wp-block-table\"><table class=\"has-fixed-layout\"><tbody><tr><td>Composition<\/td><td>Wodna dyspersja\u00a0polimer\u00f3w<br>syntetycznych<\/td><\/tr><tr><td>Odor<\/td><td>Characteristic<\/td><\/tr><tr><td>Color<\/td><td>Milky white<\/td><\/tr><tr><td>Density<\/td><td>1,0 kg \/ l<\/td><\/tr><tr><td>Czas schni\u0119cia (T 20 \u00b0 C, wilgotno\u015b\u0107\u00a065%):<\/td><td>2-4 godziny<\/td><\/tr><tr><td>Consumption (roller application)<\/td><td>100-200 g\/m2\u00a0**<\/td><\/tr><tr><td>Tools<\/td><td>Wa\u0142ek,\u00a0p\u0119dzel<\/td><\/tr><tr><td>Packaging<\/td><td>Bottle 1L, canister 5L<\/td><\/tr><tr><td>Storage<\/td><td>12\u00a0miesi\u0119cy***<\/td><\/tr><\/tbody><\/table><\/figure>\n\n\n\n<p>* depending on working conditions<\/p>\n\n\n\n<p>** depending on the substrate porosity<\/p>\n\n\n\n<p>*** podlega przechowywaniu w oryginalnym opakowaniu w&nbsp;temperaturze od 5\u00b0C do 25\u00b0C<\/p>\n\n\n\n<h1 class=\"wp-block-heading\"><strong>W\u0142a\u015bciwo\u015bci<\/strong><\/h1>\n\n\n\n<ul class=\"wp-block-list\">\n<li>\u015arodek znacznie zwi\u0119ksza wodoodporno\u015b\u0107 powierzchni<\/li>\n\n\n\n<li>Znacznie wy\u017csza wydajno\u015b\u0107 ni\u017c produkty\u00a0metylosilikonianowe.<\/li>\n\n\n\n<li>Daje efekt \u201elotosu\u201d<\/li>\n\n\n\n<li>Nie\u00a0wp\u0142ywa na przepuszczalno\u015b\u0107\u00a0pary<\/li>\n\n\n\n<li>Nie blokuje por\u00f3w<\/li>\n\n\n\n<li>Zwi\u0119ksza \u017cywotno\u015b\u0107<\/li>\n\n\n\n<li>Chroni przed pojawieniem si\u0119 wykwit\u00f3w i innych zanieczyszcze\u0144<\/li>\n\n\n\n<li>Nie zawiera rozpuszczalnik\u00f3w<\/li>\n<\/ul>\n\n\n\n<p>&nbsp;&nbsp;organicznych<\/p>\n\n\n\n<h1 class=\"wp-block-heading\"><strong>Instrukcja u\u017cycia<\/strong><\/h1>\n\n\n\n<p>Przed na\u0142o\u017ceniem powierzchnia&nbsp;musi byd&nbsp;dobrze&nbsp;oczyszczona z brudu i sp\u0142ukana wod\u0105. Po<\/p>\n\n\n\n<p>wyschni\u0119ciu nanie\u015b\u0107 AQUA PROTECT + cienk\u0105 warstw\u0119 wa\u0142kiem lub p\u0119dzlem. Produkt gotowy do u\u017cycia i nie wymaga rozcie\u0144czania.<\/p>\n\n\n\n<p>Powierzchnia jest gotowa do pracy w 24 godziny.&nbsp;<strong>Wa\u017cne!&nbsp;<\/strong>Narz\u0119dzie mo\u017ce by\u0107 u\u017cywane w&nbsp;temperaturze 5-25\u00b0C.<\/p>\n\n\n\n<p><strong>Uwaga<\/strong><\/p>\n\n\n\n<p>Informacje zawarte w niniejszym opisie technicznym&nbsp;s\u0105 prawid\u0142owe i odzwierciedlaj\u0105 aktualny poziom&nbsp;naszej wiedzy na temat korzystania z tego produktu.&nbsp;Jest to przewodnik dla optymalnego u\u017cytkowania i nie mo\u017ce s\u0142u\u017cy\u0107 jako gwarancja ani specyfikacja. Ze wzgl\u0119du na du\u017c\u0105 r\u00f3\u017cnorodno\u015b\u0107 zastosowa\u0144 i metod<\/p>\n\n\n\n<p>obr\u00f3bki materia\u0142\u00f3w i wyrob\u00f3w gotowych wa\u017cne jest, aby nasze produkty zosta\u0142y odpowiednio<\/p>\n\n\n\n<p>przetestowane przed u\u017cyciem.<\/p>","protected":false},"excerpt":{"rendered":"<p>\u015brodek wodoodporny do powierzchni mineralnych na bazie wody AQUA PROTECT+ \u2013\u00a0uniwersalny \u015brodek\u00a0do\u00a0nadawania w\u0142a\u015bciwo\u015bci hydrofobowych\u00a0mineralnym porowatym powierzchniom (kostka\u00a0brukowa, beton, ceg\u0142a, piaskowiec, tynk, jastrych, kamie\u0144 naturalny i sztuczny itp.). Pomaga wyd\u0142u\u017cy\u0107 \u017cywotno\u015b\u0107 powierzchni i\u00a0znacznie ogranicza powstawanie grzyb\u00f3w i ple\u015bni. W\u0142a\u015bciwo\u015bci hydrofobowe pod\u0142o\u017ca utrzymuj\u0105 si\u0119 co najmniej 5\u20137 lat*. \u015arodek mo\u017cna dodawa\u0107 do zapraw lub betonu w celu [&hellip;]<\/p>","protected":false},"featured_media":335,"comment_status":"open","ping_status":"closed","template":"","meta":{"ngg_post_thumbnail":0},"product_brand":[],"product_cat":[15],"product_tag":[],"class_list":{"0":"post-332","1":"product","2":"type-product","3":"status-publish","4":"has-post-thumbnail","6":"product_cat-hydrofobowe","8":"first","9":"instock","10":"shipping-taxable","11":"purchasable","12":"product-type-variable"},"_links":{"self":[{"href":"https:\/\/holzner.com.pl\/en\/wp-json\/wp\/v2\/product\/332","targetHints":{"allow":["GET"]}}],"collection":[{"href":"https:\/\/holzner.com.pl\/en\/wp-json\/wp\/v2\/product"}],"about":[{"href":"https:\/\/holzner.com.pl\/en\/wp-json\/wp\/v2\/types\/product"}],"replies":[{"embeddable":true,"href":"https:\/\/holzner.com.pl\/en\/wp-json\/wp\/v2\/comments?post=332"}],"wp:featuredmedia":[{"embeddable":true,"href":"https:\/\/holzner.com.pl\/en\/wp-json\/wp\/v2\/media\/335"}],"wp:attachment":[{"href":"https:\/\/holzner.com.pl\/en\/wp-json\/wp\/v2\/media?parent=332"}],"wp:term":[{"taxonomy":"product_brand","embeddable":true,"href":"https:\/\/holzner.com.pl\/en\/wp-json\/wp\/v2\/product_brand?post=332"},{"taxonomy":"product_cat","embeddable":true,"href":"https:\/\/holzner.com.pl\/en\/wp-json\/wp\/v2\/product_cat?post=332"},{"taxonomy":"product_tag","embeddable":true,"href":"https:\/\/holzner.com.pl\/en\/wp-json\/wp\/v2\/product_tag?post=332"}],"curies":[{"name":"wp","href":"https:\/\/api.w.org\/{rel}","templated":true}]}}