{"id":328,"date":"2024-10-17T11:04:46","date_gmt":"2024-10-17T11:04:46","guid":{"rendered":"https:\/\/holzner.com.pl\/?post_type=product&#038;p=328"},"modified":"2024-10-17T11:05:41","modified_gmt":"2024-10-17T11:05:41","slug":"holzner-facade-primer","status":"publish","type":"product","link":"https:\/\/holzner.com.pl\/en\/product\/holzner-facade-primer\/","title":{"rendered":"HOLZNER Facade Primer"},"content":{"rendered":"<p><strong>FACADE PRIMER \u2013\u00a0<\/strong>to antyseptyczny podk\u0142ad akrylowy na bazie wody, przeznaczony do produkt\u00f3w drewnianych przed na\u0142o\u017ceniem lakieru na bazie wody. Wnika w struktur\u0119 drewna i zapewnia w\u0142a\u015bciwo\u015bci antyseptyczne (chroni przed niszcz\u0105cymi lub przebarwionymi grzybami), zwi\u0119ksza przyczepno\u015b\u0107 do kolejnych warstw pow\u0142oki. Zastosowany w systemie pow\u0142okowym HOLZNER znacznie wyd\u0142u\u017ca \u017cywotno\u015b\u0107 i zachowuje wygl\u0105d drewna.<\/p>\n\n\n\n<p><strong>Dane techniczne<\/strong><\/p>\n\n\n\n<figure class=\"wp-block-table\"><table class=\"has-fixed-layout\"><tbody><tr><td>Sucha pozosta\u0142o\u015b\u0107<\/td><td>10 \u00b1 2%<\/td><\/tr><tr><td>Czas schni\u0119cia\u00a0( T 20 \u00b0C, wilgotno\u015b\u0107 65% ):<br>\u00a0\u00a0\u00a0Py\u0142osucho\u015b\u0107<br>\u00a0\u00a0\u00a0Na\u0142o\u017cenie kolejnej warstwy<\/td><td>60 minut2 -4 godziny<\/td><\/tr><tr><td>Zu\u017cycie*<\/td><td>100-120 g\/m2<\/td><\/tr><tr><td>Tools<\/td><td>p\u0119dzel, aerograf<\/td><\/tr><tr><td>Packaging<\/td><td>0,8l, 2,5 l, 5l<\/td><\/tr><tr><td>Storage<\/td><td>12 miesi\u0119cy**<\/td><\/tr><tr><td>Weight<\/td><td>5 kg<\/td><\/tr><\/tbody><\/table><\/figure>\n\n\n\n<p>* warto\u015bci po\u0142ysku s\u0105 orientacyjne i zale\u017c\u0105 od warunk\u00f3w i sposobu aplikacji<\/p>\n\n\n\n<p>** podlega przechowywaniu w oryginalnym opakowaniu w temperaturze od 5\u00b0C do 25\u00b0C<\/p>\n\n\n\n<p><strong>Aplikacja<\/strong><\/p>\n\n\n\n<p>&nbsp;Przed rozpocz\u0119ciem pracy powierzchni\u0119 nale\u017cy oczy\u015bci\u0107 z brudu, usun\u0105\u0107 wszystkie stare warstwy pow\u0142oki i przeszlifowa\u0107 powierzchni\u0119 do drewna. Wilgotno\u015b\u0107 drewna nie powinna przekracza\u0107 20%. Optymalna temperatura do pracy to od 15\u00b0C do 25\u00b0C, a wilgotno\u015b\u0107 od 40% do 75%. Nie u\u017cywaj materia\u0142u na powierzchni nara\u017conej na silne dzia\u0142anie promieni s\u0142onecznych, a tak\u017ce podczas deszczu. Przy nara\u017ceniu na dzia\u0142anie warunk\u00f3w atmosferycznych produkty nale\u017cy zabezpieczy\u0107 pow\u0142ok\u0105 wykroczeniow\u0105. Aby zwi\u0119kszy\u0107 ochron\u0119 i \u017cywotno\u015b\u0107 drewna, FACADE Primer nale\u017cy stosowa\u0107 w po\u0142\u0105czeniu z FACADE ECO lub FACADE PRO +. Jako wyko\u0144czenie u\u017cyj system\u00f3w kolorystycznych, aby zwi\u0119kszy\u0107 odporno\u015b\u0107 na promieniowanie UV.&nbsp;<strong>Wa\u017cne!&nbsp;<\/strong>Dobrze wstrz\u0105sn\u0105\u0107 przed na\u0142o\u017ceniem. Podczas aplikacji temperatura lazuru powinna wynosi 15-25\u00b0C. Produkt gotowy do u\u017cycia i nie wymaga rozcie\u0144czania.&nbsp;<\/p>\n\n\n\n<p><strong>Uwaga<\/strong><\/p>\n\n\n\n<p>Informacje zawarte w niniejszym opisie technicznym s\u0105 prawid\u0142owe i odzwierciedlaj\u0105 aktualny poziom naszej wiedzy na temat korzystania z tego produktu. Jest to przewodnik dla optymalnego u\u017cytkowania i nie mo\u017ce s\u0142u\u017cy\u0107 jako gwarancja ani specyfikacja. Ze wzgl\u0119du na du\u017c\u0105 r\u00f3\u017cnorodno\u015b\u0107 zastosowa\u0144 i metod obr\u00f3bki materia\u0142\u00f3w i wyrob\u00f3w gotowych wa\u017cne jest, aby nasze produkty zosta\u0142y odpowiednio przetestowane przed u\u017cyciem.<\/p>","protected":false},"excerpt":{"rendered":"<p>HOLZNER FACADE PRIMER \u2013 podk\u0142ad akrylowy na bazie wody, antyseptyczny do odka\u017cania produkt\u00f3w do drewna przed na\u0142o\u017ceniem lakieru na bazie wody. Wnika w struktur\u0119 drewna i zapewnia w\u0142a\u015bciwo\u015bci antyseptyczne (zabezpiecza przed niszcz\u0105cymi lub przebarwionymi grzybami), zwi\u0119ksza przyczepno\u015b\u0107 do kolejnych warstw pow\u0142oki. Stosowany w systemie pow\u0142okowym HOLZNER znacznie wyd\u0142u\u017ca \u017cywotno\u015b\u0107 i zachowuje wygl\u0105d drewna.<\/p>","protected":false},"featured_media":330,"comment_status":"open","ping_status":"closed","template":"","meta":{"ngg_post_thumbnail":0},"product_brand":[],"product_cat":[57,58],"product_tag":[],"class_list":{"0":"post-328","1":"product","2":"type-product","3":"status-publish","4":"has-post-thumbnail","6":"product_cat-lakiery-na-zewnatrz","7":"product_cat-podklad","9":"first","10":"instock","11":"shipping-taxable","12":"purchasable","13":"product-type-simple"},"_links":{"self":[{"href":"https:\/\/holzner.com.pl\/en\/wp-json\/wp\/v2\/product\/328","targetHints":{"allow":["GET"]}}],"collection":[{"href":"https:\/\/holzner.com.pl\/en\/wp-json\/wp\/v2\/product"}],"about":[{"href":"https:\/\/holzner.com.pl\/en\/wp-json\/wp\/v2\/types\/product"}],"replies":[{"embeddable":true,"href":"https:\/\/holzner.com.pl\/en\/wp-json\/wp\/v2\/comments?post=328"}],"wp:featuredmedia":[{"embeddable":true,"href":"https:\/\/holzner.com.pl\/en\/wp-json\/wp\/v2\/media\/330"}],"wp:attachment":[{"href":"https:\/\/holzner.com.pl\/en\/wp-json\/wp\/v2\/media?parent=328"}],"wp:term":[{"taxonomy":"product_brand","embeddable":true,"href":"https:\/\/holzner.com.pl\/en\/wp-json\/wp\/v2\/product_brand?post=328"},{"taxonomy":"product_cat","embeddable":true,"href":"https:\/\/holzner.com.pl\/en\/wp-json\/wp\/v2\/product_cat?post=328"},{"taxonomy":"product_tag","embeddable":true,"href":"https:\/\/holzner.com.pl\/en\/wp-json\/wp\/v2\/product_tag?post=328"}],"curies":[{"name":"wp","href":"https:\/\/api.w.org\/{rel}","templated":true}]}}