{"id":288,"date":"2024-10-16T13:46:41","date_gmt":"2024-10-16T13:46:41","guid":{"rendered":"https:\/\/holzner.com.pl\/?post_type=product&#038;p=288"},"modified":"2025-11-28T13:34:50","modified_gmt":"2025-11-28T13:34:50","slug":"parquet-primer","status":"publish","type":"product","link":"https:\/\/holzner.com.pl\/en\/product\/parquet-primer\/","title":{"rendered":"Parquet Primer"},"content":{"rendered":"<p>PODK\u0141AD DO PARKIETU \u2013 akrylowy podk\u0142ad na bazie wody do pokrywania parkiet\u00f3w i pod\u0142\u00f3g drewnianych przed na\u0142o\u017ceniem lakieru na bazie wody. \u0141atwy w aplikacji, zmniejsza ryzyko bocznego sklejenia listew parkietowych oraz ogranicza wzrost w\u0142\u00f3kien drzewnych.<\/p>\n\n\n\n<p><strong>Opis<\/strong><\/p>\n\n\n\n<p><strong>PODK\u0141AD DO PARKIETU \u2013&nbsp;<\/strong>akrylowy podk\u0142ad na bazie wody do pokrywania parkiet\u00f3w i pod\u0142\u00f3g drewnianych przed na\u0142o\u017ceniem lakieru na bazie wody. \u0141atwy w aplikacji, zmniejsza ryzyko bocznego sklejenia listew parkietowych oraz ogranicza wzrost w\u0142\u00f3kien drzewnych.<\/p>\n\n\n\n<p><strong>Dane techniczne&nbsp;<\/strong><\/p>\n\n\n\n<figure class=\"wp-block-table\"><table class=\"has-fixed-layout\"><tbody><tr><td>Lepko\u015b\u0107 (DIN 4 mm, T 23 \u00b0 C)<br>Zawarto\u015b\u0107 cia\u0142 sta\u0142ych&nbsp;&nbsp;<\/td><td>20 \u00b1 2 sek.<br>25&nbsp; \u00b1 2 %<\/td><\/tr><\/tbody><\/table><\/figure>\n\n\n\n<figure class=\"wp-block-table\"><table class=\"has-fixed-layout\"><tbody><tr><td>Czas schni\u0119cia&nbsp;( T 23 \u00b0C, wilgotno\u015b\u0107 65% ):<br>&nbsp;&nbsp;Py\u0142osucho\u015b\u0107<br>Gotowo\u015b\u0107 do szlifowania\/ ponownego malowania<br>&nbsp;&nbsp;&nbsp;Pe\u0142na twardo\u015b\u0107<\/td><td>60 minut2&nbsp; \u2013 4 godziny<br>7 dni<\/td><\/tr><tr><td>Zu\u017cycie*<\/td><td>100 \u2013 120 g\/m2<\/td><\/tr><tr><td>Tools<\/td><td>p\u0119dzel, wa\u0142ek<\/td><\/tr><tr><td>Packaging<\/td><td>5 l l.<\/td><\/tr><tr><td>Storage<\/td><td>12 miesi\u0119cy**<\/td><\/tr><tr><td>Weight<\/td><td>5 kg<\/td><\/tr><\/tbody><\/table><\/figure>\n\n\n\n<p>* warto\u015bci po\u0142ysku s\u0105 orientacyjne i zale\u017c\u0105 od warunk\u00f3w i sposobu aplikacji<\/p>\n\n\n\n<p>** podlega przechowywaniu w oryginalnym opakowaniu w temperaturze od 5\u00b0C do 25\u00b0C<\/p>\n\n\n\n<p><strong>Aplikacja<\/strong><\/p>\n\n\n\n<p>&nbsp;Powierzchni\u0119 nale\u017cy oczy\u015bci\u0107 z brudu, usun\u0105\u0107 wszystkie stare warstwy pow\u0142oki i przeszlifowa\u0107 powierzchni\u0119 do drewna. Do ko\u0144cowego szlifowania u\u017cyj papieru o ziarnisto\u015bci 120-150. Oczy\u015b\u0107 powierzchni\u0119 z kurzu i wytrzyj wilgotn\u0105 szmatk\u0105. Na\u0142\u00f3\u017c Parquet Primer na przygotowan\u0105 powierzchni\u0119. Wyko\u0144czenie powierzchni lakierem wodnym TM \u201eHOLZNER\u201d za pomoc\u0105 wa\u0142ka. Po wyschni\u0119ciu pierwsz\u0105 warstw\u0119 nale\u017cy lekko przeszlifowa\u0107 papierem \u015bciernym o ziarnisto\u015bci 120-150. Dok\u0142adnie oczy\u015b\u0107 powierzchni\u0119 z kurzu. Drug\u0105 warstw\u0119 lakieru na bazie wody \u201eHOLZNER\u201d na\u0142o\u017cy\u0107 wa\u0142kiem. Nie nak\u0142ada\u0107 wi\u0119cej ni\u017c 2 warstwy dziennie (1 warstwa podk\u0142adu i 1 warstwa lakieru lub 2 warstwy lakieru).&nbsp;<\/p>\n\n\n\n<p><strong>Wa\u017cne!&nbsp;<\/strong>Dobrze wstrz\u0105sn\u0105\u0107 przed na\u0142o\u017ceniem. Podczas aplikacji temperatura lazuru powinna wynosi 15-25\u00b0C. Produkt gotowy do u\u017cycia i nie wymaga rozcie\u0144czania.&nbsp;<\/p>\n\n\n\n<p><strong>Uwaga<\/strong><\/p>\n\n\n\n<p>Informacje zawarte w niniejszym opisie technicznym s\u0105 prawid\u0142owe i odzwierciedlaj\u0105 aktualny poziom naszej wiedzy na temat korzystania z tego produktu. Jest to przewodnik dla optymalnego u\u017cytkowania i nie mo\u017ce s\u0142u\u017cy\u0107 jako gwarancja ani specyfikacja. Ze wzgl\u0119du na du\u017c\u0105 r\u00f3\u017cnorodno\u015b\u0107 zastosowa\u0144 i metod obr\u00f3bki materia\u0142\u00f3w i wyrob\u00f3w gotowych wa\u017cne jest, aby nasze produkty zosta\u0142y odpowiednio przetestowane przed u\u017cyciem.<\/p>","protected":false},"excerpt":{"rendered":"<p>PODK\u0141AD DO PARKIETU \u2013 akrylowy podk\u0142ad na bazie wody do pokrywania parkiet\u00f3w i pod\u0142\u00f3g drewnianych przed na\u0142o\u017ceniem lakieru na bazie wody. \u0141atwy w aplikacji, zmniejsza ryzyko bocznego sklejenia listew parkietowych oraz ogranicza wzrost w\u0142\u00f3kien drzewnych. Opis PODK\u0141AD DO PARKIETU \u2013&nbsp;akrylowy podk\u0142ad na bazie wody do pokrywania parkiet\u00f3w i pod\u0142\u00f3g drewnianych przed na\u0142o\u017ceniem lakieru na bazie [&hellip;]<\/p>","protected":false},"featured_media":290,"comment_status":"open","ping_status":"closed","template":"","meta":{"ngg_post_thumbnail":0},"product_brand":[],"product_cat":[48,52],"product_tag":[],"class_list":{"0":"post-288","1":"product","2":"type-product","3":"status-publish","4":"has-post-thumbnail","6":"product_cat-lakiery-do-parkietu","7":"product_cat-podklad-do-parkietu","9":"first","10":"instock","11":"shipping-taxable","12":"purchasable","13":"product-type-simple"},"_links":{"self":[{"href":"https:\/\/holzner.com.pl\/en\/wp-json\/wp\/v2\/product\/288","targetHints":{"allow":["GET"]}}],"collection":[{"href":"https:\/\/holzner.com.pl\/en\/wp-json\/wp\/v2\/product"}],"about":[{"href":"https:\/\/holzner.com.pl\/en\/wp-json\/wp\/v2\/types\/product"}],"replies":[{"embeddable":true,"href":"https:\/\/holzner.com.pl\/en\/wp-json\/wp\/v2\/comments?post=288"}],"wp:featuredmedia":[{"embeddable":true,"href":"https:\/\/holzner.com.pl\/en\/wp-json\/wp\/v2\/media\/290"}],"wp:attachment":[{"href":"https:\/\/holzner.com.pl\/en\/wp-json\/wp\/v2\/media?parent=288"}],"wp:term":[{"taxonomy":"product_brand","embeddable":true,"href":"https:\/\/holzner.com.pl\/en\/wp-json\/wp\/v2\/product_brand?post=288"},{"taxonomy":"product_cat","embeddable":true,"href":"https:\/\/holzner.com.pl\/en\/wp-json\/wp\/v2\/product_cat?post=288"},{"taxonomy":"product_tag","embeddable":true,"href":"https:\/\/holzner.com.pl\/en\/wp-json\/wp\/v2\/product_tag?post=288"}],"curies":[{"name":"wp","href":"https:\/\/api.w.org\/{rel}","templated":true}]}}