{"id":262,"date":"2024-10-16T13:02:45","date_gmt":"2024-10-16T13:02:45","guid":{"rendered":"https:\/\/holzner.com.pl\/?post_type=product&#038;p=262"},"modified":"2024-10-16T13:06:11","modified_gmt":"2024-10-16T13:06:11","slug":"parquet-pro-semi-matt","status":"publish","type":"product","link":"https:\/\/holzner.com.pl\/en\/product\/parquet-pro-semi-matt\/","title":{"rendered":"Parquet Pro+ Semi-matt"},"content":{"rendered":"<p>PARKIET PRO + P\u00f3\u0142mat \u2013 jednosk\u0142adnikowy lakier wodny, 100% poliuretan. Posiada wszystkie zalety zbli\u017cone do system\u00f3w dwusk\u0142adnikowych w po\u0142\u0105czeniu z prostot\u0105 i bezpiecze\u0144stwem u\u017cytkowania. Przeznaczony do powierzchniowego powlekania parkiet\u00f3w i pod\u0142\u00f3g drewnianych w miejscach o \u015brednim i du\u017cym nat\u0119\u017ceniu ruchu.<\/p>\n\n\n\n<p><strong>Opis<\/strong><\/p>\n\n\n\n<p>\u00a0<strong>PARKIET PRO + \u2013\u00a0<\/strong>jednosk\u0142adnikowy lakier wodny, 100% poliuretan. Posiada wszystkie zalety zbli\u017cone do system\u00f3w dwusk\u0142adnikowych w po\u0142\u0105czeniu z prostot\u0105 i bezpiecze\u0144stwem u\u017cytkowania. Przeznaczony do powierzchniowego powlekania parkiet\u00f3w i pod\u0142\u00f3g drewnianych w miejscach o \u015brednim i du\u017cym nat\u0119\u017ceniu ruchu.<\/p>\n\n\n\n<p><strong>Dane techniczne&nbsp;<\/strong><\/p>\n\n\n\n<figure class=\"wp-block-table\"><table class=\"has-fixed-layout\"><tbody><tr><td>Lepko\u015b\u0107 (DIN 4 mm, T 23 \u00b0 C)\u00a0<\/td><td>22 \u00b1 2 sek.<\/td><\/tr><\/tbody><\/table><\/figure>\n\n\n\n<figure class=\"wp-block-table\"><table class=\"has-fixed-layout\"><tbody><tr><td>Zawarto\u015b\u0107 cia\u0142 sta\u0142ych<br>Poziom po\u0142ysku (po\u0142ysk @ 60 \u00b0): *<br>Po\u0142ysk<br>P\u00f3\u0142mat<br>Mat<\/td><td>29\u00a0\u00b1 2%<br>>90<br>45-60<br>20-35<\/td><\/tr><tr><td>Czas schni\u0119cia\u00a0( T 20 \u00b0C, wilgotno\u015b\u0107 65% ):<br>\u00a0\u00a0\u00a0Py\u0142osucho\u015b\u0107<br>Gotowy do szlifowania\/ ponownego malowania<br>\u00a0\u00a0\u00a0Pe\u0142na twardo\u015b\u0107<\/td><td>60 minut2 -4 godziny<br>7 dni<\/td><\/tr><tr><td>Odporno\u015b\u0107 na \u015bcieranie\u00a0<br>Zu\u017cycie (wa\u0142ek)<\/td><td>Dobra<br>80-100 g\/m2<\/td><\/tr><tr><td>Tools<\/td><td>p\u0119dzel, wa\u0142ek<\/td><\/tr><tr><td>Packaging<\/td><td>5l<\/td><\/tr><tr><td>Storage<\/td><td>12 miesi\u0119cy**<\/td><\/tr><tr><td>Weight<\/td><td>5 kg<\/td><\/tr><\/tbody><\/table><\/figure>\n\n\n\n<p>* warto\u015bci po\u0142ysku s\u0105 orientacyjne i zale\u017c\u0105 od warunk\u00f3w i sposobu aplikacji<\/p>\n\n\n\n<p>** podlega przechowywaniu w oryginalnym opakowaniu w temperaturze od 5\u00b0C do 25\u00b0C<\/p>\n\n\n\n<p><strong>Aplikacja<\/strong><\/p>\n\n\n\n<p>&nbsp;Przed przyst\u0105pieniem do pracy powierzchni\u0119 nale\u017cy oczy\u015bci\u0107 z brudu, usun\u0105\u0107 wszystkie stare warstwy pow\u0142oki i przeszlifowa\u0107 powierzchni\u0119 do drewna. Do ko\u0144cowego szlifowania u\u017cyj papieru o ziarnisto\u015bci 120-150. Oczy\u015b\u0107 powierzchni\u0119 z kurzu i wytrzyj wilgotn\u0105 szmatk\u0105. W razie potrzeby na przygotowan\u0105 powierzchni\u0119 na\u0142o\u017cy\u0107 Parquet Primer. Na\u0142\u00f3\u017c Parquet PRO + za pomoc\u0105 wa\u0142ka. Po wyschni\u0119ciu pierwsz\u0105 warstw\u0119 nale\u017cy lekko przeszlifowa\u0107 papierem \u015bciernym o ziarnisto\u015bci 120-150. Dok\u0142adnie oczy\u015b\u0107 powierzchni\u0119 z kurzu. Drug\u0105 warstw\u0119 Parquet PRO + na\u0142o\u017cy\u0107 wa\u0142kiem. Nie nak\u0142ada\u0107 wi\u0119cej ni\u017c 2 warstwy dziennie (1 warstwa podk\u0142adu i 1 warstwa lakieru lub 2 warstwy lakieru).&nbsp;<\/p>\n\n\n\n<p><strong>Wa\u017cne!&nbsp;<\/strong>Dobrze wstrz\u0105sn\u0105\u0107 przed na\u0142o\u017ceniem. Podczas aplikacji temperatura lazuru powinna wynosi 15-25\u00b0C. Produkt gotowy do u\u017cycia i nie wymaga rozcie\u0144czania.&nbsp;<\/p>\n\n\n\n<p><strong>Uwaga<\/strong><\/p>\n\n\n\n<p>Informacje zawarte w niniejszym opisie technicznym s\u0105 prawid\u0142owe i odzwierciedlaj\u0105 aktualny poziom naszej wiedzy na temat korzystania z tego produktu. Jest to przewodnik dla optymalnego u\u017cytkowania i nie mo\u017ce s\u0142u\u017cy\u0107 jako gwarancja ani specyfikacja. Ze wzgl\u0119du na du\u017c\u0105 r\u00f3\u017cnorodno\u015b\u0107 zastosowa\u0144 i metod obr\u00f3bki materia\u0142\u00f3w i wyrob\u00f3w gotowych wa\u017cne jest, aby nasze produkty zosta\u0142y odpowiednio przetestowane przed u\u017cyciem.<\/p>","protected":false},"excerpt":{"rendered":"<p>PARKIET PRO + P\u00f3\u0142mat \u2013 jednosk\u0142adnikowy lakier wodny, 100% poliuretan. Posiada wszystkie zalety zbli\u017cone do system\u00f3w dwusk\u0142adnikowych w po\u0142\u0105czeniu z prostot\u0105 i bezpiecze\u0144stwem u\u017cytkowania. Przeznaczony do powierzchniowego powlekania parkiet\u00f3w i pod\u0142\u00f3g drewnianych w miejscach o \u015brednim i du\u017cym nat\u0119\u017ceniu ruchu. Opis \u00a0PARKIET PRO + \u2013\u00a0jednosk\u0142adnikowy lakier wodny, 100% poliuretan. Posiada wszystkie zalety zbli\u017cone do system\u00f3w [&hellip;]<\/p>","protected":false},"featured_media":264,"comment_status":"open","ping_status":"closed","template":"","meta":{"ngg_post_thumbnail":0},"product_brand":[],"product_cat":[51,48],"product_tag":[],"class_list":{"0":"post-262","1":"product","2":"type-product","3":"status-publish","4":"has-post-thumbnail","6":"product_cat-lakiery","7":"product_cat-lakiery-do-parkietu","9":"first","10":"instock","11":"shipping-taxable","12":"purchasable","13":"product-type-simple"},"_links":{"self":[{"href":"https:\/\/holzner.com.pl\/en\/wp-json\/wp\/v2\/product\/262","targetHints":{"allow":["GET"]}}],"collection":[{"href":"https:\/\/holzner.com.pl\/en\/wp-json\/wp\/v2\/product"}],"about":[{"href":"https:\/\/holzner.com.pl\/en\/wp-json\/wp\/v2\/types\/product"}],"replies":[{"embeddable":true,"href":"https:\/\/holzner.com.pl\/en\/wp-json\/wp\/v2\/comments?post=262"}],"wp:featuredmedia":[{"embeddable":true,"href":"https:\/\/holzner.com.pl\/en\/wp-json\/wp\/v2\/media\/264"}],"wp:attachment":[{"href":"https:\/\/holzner.com.pl\/en\/wp-json\/wp\/v2\/media?parent=262"}],"wp:term":[{"taxonomy":"product_brand","embeddable":true,"href":"https:\/\/holzner.com.pl\/en\/wp-json\/wp\/v2\/product_brand?post=262"},{"taxonomy":"product_cat","embeddable":true,"href":"https:\/\/holzner.com.pl\/en\/wp-json\/wp\/v2\/product_cat?post=262"},{"taxonomy":"product_tag","embeddable":true,"href":"https:\/\/holzner.com.pl\/en\/wp-json\/wp\/v2\/product_tag?post=262"}],"curies":[{"name":"wp","href":"https:\/\/api.w.org\/{rel}","templated":true}]}}